{"id":133,"date":"2019-05-31T19:26:14","date_gmt":"2019-05-31T19:26:14","guid":{"rendered":"https:\/\/frslogistica.cl\/?page_id=133"},"modified":"2020-07-04T00:48:13","modified_gmt":"2020-07-04T00:48:13","slug":"categorias-plumas","status":"publish","type":"page","link":"https:\/\/frslogistica.cl\/index.php\/categorias-plumas\/","title":{"rendered":"Categor\u00edas Plumas"},"content":{"rendered":"<h2>Equipos Pluma<\/h2>\n<p><img loading=\"lazy\" decoding=\"async\" width=\"768\" height=\"461\" src=\"https:\/\/frslogistica.cl\/wp-content\/uploads\/2019\/08\/Mercedes-pluma-1280x768-768x461.jpg\" alt=\"\" srcset=\"https:\/\/frslogistica.cl\/wp-content\/uploads\/2019\/08\/Mercedes-pluma-1280x768-768x461.jpg 768w, https:\/\/frslogistica.cl\/wp-content\/uploads\/2019\/08\/Mercedes-pluma-1280x768-300x180.jpg 300w, https:\/\/frslogistica.cl\/wp-content\/uploads\/2019\/08\/Mercedes-pluma-1280x768-1024x614.jpg 1024w, https:\/\/frslogistica.cl\/wp-content\/uploads\/2019\/08\/Mercedes-pluma-1280x768.jpg 1280w\" sizes=\"auto, (max-width: 768px) 100vw, 768px\"><\/p>\n<h3>Palfinger PK100002<\/h3>\n<h4>Gr\u00faa montada sobre cami\u00f3n<\/h4>\n<table style=\"width: 100%; border-collapse: collapse;\" border=\"0\">\n<tbody>\n<tr>\n<td style=\"width: 75%;\"><strong>Motor<\/strong><\/td>\n<td style=\"width: 50%;\">Diesel<\/td>\n<\/tr>\n<tr>\n<td style=\"width: 50%;\"><strong>Peso (+\/-)<\/strong><\/td>\n<td style=\"width: 50%;\">27.000 kg<\/td>\n<\/tr>\n<tr>\n<td style=\"width: 50%;\"><strong>Capacidad m\u00e1xima de levante<\/strong><\/td>\n<td style=\"width: 50%;\">18.800 kg<\/td>\n<\/tr>\n<tr>\n<td style=\"width: 50%;\"><strong>Distancia m\u00e1xima vertical sin Jib<\/strong><\/td>\n<td style=\"width: 50%;\">21 mts<\/td>\n<\/tr>\n<tr>\n<td style=\"width: 50%;\"><strong>Distancia m\u00e1xima vertical con Jib<\/strong><\/td>\n<td style=\"width: 50%;\">36 mts<\/td>\n<\/tr>\n<\/tbody>\n<\/table>\n<p><a href=\"https:\/\/frslogistica.cl\/index.php\/palfinger-volvo\" role=\"button\"><br \/>\nVER ESTE EQUIPO<br \/>\n<\/a><br \/>\n<img loading=\"lazy\" decoding=\"async\" width=\"768\" height=\"461\" src=\"https:\/\/frslogistica.cl\/wp-content\/uploads\/2019\/08\/Volvo-pluma-1280x768-768x461.jpg\" alt=\"\" srcset=\"https:\/\/frslogistica.cl\/wp-content\/uploads\/2019\/08\/Volvo-pluma-1280x768-768x461.jpg 768w, https:\/\/frslogistica.cl\/wp-content\/uploads\/2019\/08\/Volvo-pluma-1280x768-300x180.jpg 300w, https:\/\/frslogistica.cl\/wp-content\/uploads\/2019\/08\/Volvo-pluma-1280x768-1024x614.jpg 1024w, https:\/\/frslogistica.cl\/wp-content\/uploads\/2019\/08\/Volvo-pluma-1280x768.jpg 1280w\" sizes=\"auto, (max-width: 768px) 100vw, 768px\"><\/p>\n<h3>Palfinger PK100002<\/h3>\n<h4>Gr\u00faa montada sobre cami\u00f3n<\/h4>\n<table style=\"width: 100%; border-collapse: collapse;\" border=\"0\">\n<tbody>\n<tr>\n<td style=\"width: 75%;\"><strong>Motor<\/strong><\/td>\n<td style=\"width: 50%;\">Diesel<\/td>\n<\/tr>\n<tr>\n<td style=\"width: 50%;\"><strong>Peso (+\/-)<\/strong><\/td>\n<td style=\"width: 50%;\">27.000 kg<\/td>\n<\/tr>\n<tr>\n<td style=\"width: 50%;\"><strong>Capacidad m\u00e1xima de levante<\/strong><\/td>\n<td style=\"width: 50%;\">18.800 kg<\/td>\n<\/tr>\n<tr>\n<td style=\"width: 50%;\"><strong>Distancia m\u00e1xima vertical sin Jib<\/strong><\/td>\n<td style=\"width: 50%;\">21 mts<\/td>\n<\/tr>\n<tr>\n<td style=\"width: 50%;\"><strong>Distancia m\u00e1xima vertical con Jib<\/strong><\/td>\n<td style=\"width: 50%;\">36 mts<\/td>\n<\/tr>\n<\/tbody>\n<\/table>\n<p><a href=\"https:\/\/frslogistica.cl\/index.php\/palfinger-mercedes\/\" role=\"button\"><br \/>\nVER ESTE EQUIPO<br \/>\n<\/a><br \/>\n<img loading=\"lazy\" decoding=\"async\" width=\"768\" height=\"461\" src=\"https:\/\/frslogistica.cl\/wp-content\/uploads\/2019\/05\/Effer-2200-768x461.png\" alt=\"\" srcset=\"https:\/\/frslogistica.cl\/wp-content\/uploads\/2019\/05\/Effer-2200-768x461.png 768w, https:\/\/frslogistica.cl\/wp-content\/uploads\/2019\/05\/Effer-2200-300x180.png 300w, https:\/\/frslogistica.cl\/wp-content\/uploads\/2019\/05\/Effer-2200-1024x614.png 1024w, https:\/\/frslogistica.cl\/wp-content\/uploads\/2019\/05\/Effer-2200.png 1280w\" sizes=\"auto, (max-width: 768px) 100vw, 768px\"><\/p>\n<h3>Effer 2200<\/h3>\n<h4>Gr\u00faa montada sobre cami\u00f3n<\/h4>\n<table style=\"width: 100%; border-collapse: collapse;\" border=\"0\">\n<tbody>\n<tr>\n<td style=\"width: 75%;\"><strong>Motor<\/strong><\/td>\n<td style=\"width: 50%;\">Diesel<\/td>\n<\/tr>\n<tr>\n<td style=\"width: 50%;\"><strong>Peso (+\/-)<\/strong><\/td>\n<td style=\"width: 50%;\">40.000 kg<\/td>\n<\/tr>\n<tr>\n<td style=\"width: 50%;\"><strong>Capacidad m\u00e1xima de levante<\/strong><\/td>\n<td style=\"width: 50%;\">30.400 kg<\/td>\n<\/tr>\n<tr>\n<td style=\"width: 50%;\"><strong>Distancia m\u00e1xima vertical sin Jib<\/strong><\/td>\n<td style=\"width: 50%;\">26 mts<\/td>\n<\/tr>\n<tr>\n<td style=\"width: 50%;\"><strong>Distancia m\u00e1xima vertical con Jib<\/strong><\/td>\n<td style=\"width: 50%;\">50 mts<\/td>\n<\/tr>\n<\/tbody>\n<\/table>\n<p><a href=\"https:\/\/frslogistica.cl\/index.php\/effer-iveco\/\" role=\"button\"><br \/>\nVER ESTE EQUIPO<br \/>\n<\/a><\/p>\n","protected":false},"excerpt":{"rendered":"<p>Equipos Pluma Palfinger PK100002 Gr\u00faa montada sobre cami\u00f3n Motor Diesel Peso (+\/-) 27.000 kg Capacidad m\u00e1xima de levante 18.800 kg Distancia m\u00e1xima vertical sin Jib 21 mts Distancia m\u00e1xima vertical con Jib 36 mts VER ESTE EQUIPO Palfinger PK100002 Gr\u00faa montada sobre cami\u00f3n Motor Diesel Peso (+\/-) 27.000 kg Capacidad m\u00e1xima de levante 18.800 kg&#8230;<\/p>\n","protected":false},"author":1,"featured_media":0,"parent":0,"menu_order":0,"comment_status":"closed","ping_status":"closed","template":"elementor_header_footer","meta":{"_kad_post_transparent":"","_kad_post_title":"","_kad_post_layout":"","_kad_post_sidebar_id":"","_kad_post_content_style":"","_kad_post_vertical_padding":"","_kad_post_feature":"","_kad_post_feature_position":"","_kad_post_header":false,"_kad_post_footer":false,"_kad_post_classname":"","footnotes":""},"class_list":["post-133","page","type-page","status-publish","hentry"],"_links":{"self":[{"href":"https:\/\/frslogistica.cl\/index.php\/wp-json\/wp\/v2\/pages\/133","targetHints":{"allow":["GET"]}}],"collection":[{"href":"https:\/\/frslogistica.cl\/index.php\/wp-json\/wp\/v2\/pages"}],"about":[{"href":"https:\/\/frslogistica.cl\/index.php\/wp-json\/wp\/v2\/types\/page"}],"author":[{"embeddable":true,"href":"https:\/\/frslogistica.cl\/index.php\/wp-json\/wp\/v2\/users\/1"}],"replies":[{"embeddable":true,"href":"https:\/\/frslogistica.cl\/index.php\/wp-json\/wp\/v2\/comments?post=133"}],"version-history":[{"count":34,"href":"https:\/\/frslogistica.cl\/index.php\/wp-json\/wp\/v2\/pages\/133\/revisions"}],"predecessor-version":[{"id":502,"href":"https:\/\/frslogistica.cl\/index.php\/wp-json\/wp\/v2\/pages\/133\/revisions\/502"}],"wp:attachment":[{"href":"https:\/\/frslogistica.cl\/index.php\/wp-json\/wp\/v2\/media?parent=133"}],"curies":[{"name":"wp","href":"https:\/\/api.w.org\/{rel}","templated":true}]}}