{"id":160,"date":"2019-05-31T22:01:09","date_gmt":"2019-05-31T22:01:09","guid":{"rendered":"https:\/\/frslogistica.cl\/?page_id=160"},"modified":"2019-08-28T14:40:42","modified_gmt":"2019-08-28T14:40:42","slug":"categorias-plataformas","status":"publish","type":"page","link":"https:\/\/frslogistica.cl\/index.php\/categorias-plataformas\/","title":{"rendered":"Categorias Plataformas"},"content":{"rendered":"<h2>Equipos Alza Hombre<\/h2>\n<p>\t\t\t\t\t\t\t\t\t\t<img loading=\"lazy\" decoding=\"async\" width=\"768\" height=\"461\" src=\"https:\/\/frslogistica.cl\/wp-content\/uploads\/2019\/06\/DAF-1280x768-768x461.jpg\" alt=\"\" srcset=\"https:\/\/frslogistica.cl\/wp-content\/uploads\/2019\/06\/DAF-1280x768-768x461.jpg 768w, https:\/\/frslogistica.cl\/wp-content\/uploads\/2019\/06\/DAF-1280x768-300x180.jpg 300w, https:\/\/frslogistica.cl\/wp-content\/uploads\/2019\/06\/DAF-1280x768-1024x614.jpg 1024w, https:\/\/frslogistica.cl\/wp-content\/uploads\/2019\/06\/DAF-1280x768.jpg 1280w\" sizes=\"auto, (max-width: 768px) 100vw, 768px\" \/>\t\t\t\t\t\t\t\t\t\t\t<\/p>\n<h3>Palfinger WT-610<\/h3>\n<h4>Plataforma montada sobre cami\u00f3n<\/h4>\n<table style=\"width: 100%; border-collapse: collapse;\" border=\"0\">\n<tbody>\n<tr>\n<td style=\"width: 75%;\"><strong>Motor<\/strong><\/td>\n<td style=\"width: 50%;\">Diesel<\/td>\n<\/tr>\n<tr>\n<td style=\"width: 50%;\"><strong>Peso (+\/-)<\/strong><\/td>\n<td style=\"width: 50%;\">31.500 kg<\/td>\n<\/tr>\n<tr>\n<td style=\"width: 50%;\"><strong>Ancho<\/strong><\/td>\n<td style=\"width: 50%;\">2.55 mts<\/td>\n<\/tr>\n<tr>\n<td style=\"width: 50%;\"><strong>Capacidad m\u00e1xima de plataforma<\/strong><\/td>\n<td style=\"width: 50%;\">600 kg<\/td>\n<\/tr>\n<tr>\n<td style=\"width: 50%;\"><strong>Altura m\u00e1xima<\/strong><\/td>\n<td style=\"width: 50%;\">61 mts<\/td>\n<\/tr>\n<\/tbody>\n<\/table>\n<p>\t\t\t<a href=\"https:\/\/frslogistica.cl\/index.php\/palfinger-daf\/\" role=\"button\"><br \/>\n\t\t\t\t\t\tVER ESTE EQUIPO<br \/>\n\t\t\t\t\t<\/a><br \/>\n\t\t\t\t\t\t\t\t\t\t<img loading=\"lazy\" decoding=\"async\" width=\"768\" height=\"461\" src=\"https:\/\/frslogistica.cl\/wp-content\/uploads\/2019\/06\/CTE-1-768x461.jpg\" alt=\"\" srcset=\"https:\/\/frslogistica.cl\/wp-content\/uploads\/2019\/06\/CTE-1-768x461.jpg 768w, https:\/\/frslogistica.cl\/wp-content\/uploads\/2019\/06\/CTE-1-300x180.jpg 300w, https:\/\/frslogistica.cl\/wp-content\/uploads\/2019\/06\/CTE-1-1024x614.jpg 1024w, https:\/\/frslogistica.cl\/wp-content\/uploads\/2019\/06\/CTE-1.jpg 1280w\" sizes=\"auto, (max-width: 768px) 100vw, 768px\" \/>\t\t\t\t\t\t\t\t\t\t\t<\/p>\n<h3>CTE Blift 430HR<\/h3>\n<h4>Plataforma montada sobre cami\u00f3n<\/h4>\n<table style=\"width: 100%; border-collapse: collapse;\" border=\"0\">\n<tbody>\n<tr>\n<td style=\"width: 75%;\"><strong>Motor<\/strong><\/td>\n<td style=\"width: 50%;\">Diesel<\/td>\n<\/tr>\n<tr>\n<td style=\"width: 50%;\"><strong>Peso (+\/-)<\/strong><\/td>\n<td style=\"width: 50%;\">17.500 kg<\/td>\n<\/tr>\n<tr>\n<td style=\"width: 50%;\"><strong>Ancho<\/strong><\/td>\n<td style=\"width: 50%;\">2.55 mts<\/td>\n<\/tr>\n<tr>\n<td style=\"width: 50%;\"><strong>Capacidad m\u00e1xima de plataforma<\/strong><\/td>\n<td style=\"width: 50%;\">450 kg<\/td>\n<\/tr>\n<tr>\n<td style=\"width: 50%;\"><strong>Altura m\u00e1xima<\/strong><\/td>\n<td style=\"width: 50%;\">43 mts<\/td>\n<\/tr>\n<\/tbody>\n<\/table>\n<p>\t\t\t<a href=\"https:\/\/frslogistica.cl\/index.php\/cte-iveco\/\" role=\"button\"><br \/>\n\t\t\t\t\t\tVER ESTE EQUIPO<br \/>\n\t\t\t\t\t<\/a><\/p>\n","protected":false},"excerpt":{"rendered":"<p>Equipos Alza Hombre Palfinger WT-610 Plataforma montada sobre cami\u00f3n Motor Diesel Peso (+\/-) 31.500 kg Ancho 2.55 mts Capacidad m\u00e1xima de plataforma 600 kg Altura m\u00e1xima 61 mts VER ESTE EQUIPO CTE Blift 430HR Plataforma montada sobre cami\u00f3n Motor Diesel Peso (+\/-) 17.500 kg Ancho 2.55 mts Capacidad m\u00e1xima de plataforma 450 kg Altura m\u00e1xima&#8230;<\/p>\n","protected":false},"author":1,"featured_media":0,"parent":0,"menu_order":0,"comment_status":"closed","ping_status":"closed","template":"elementor_header_footer","meta":{"_kad_post_transparent":"","_kad_post_title":"","_kad_post_layout":"","_kad_post_sidebar_id":"","_kad_post_content_style":"","_kad_post_vertical_padding":"","_kad_post_feature":"","_kad_post_feature_position":"","_kad_post_header":false,"_kad_post_footer":false,"_kad_post_classname":"","footnotes":""},"class_list":["post-160","page","type-page","status-publish","hentry"],"_links":{"self":[{"href":"https:\/\/frslogistica.cl\/index.php\/wp-json\/wp\/v2\/pages\/160","targetHints":{"allow":["GET"]}}],"collection":[{"href":"https:\/\/frslogistica.cl\/index.php\/wp-json\/wp\/v2\/pages"}],"about":[{"href":"https:\/\/frslogistica.cl\/index.php\/wp-json\/wp\/v2\/types\/page"}],"author":[{"embeddable":true,"href":"https:\/\/frslogistica.cl\/index.php\/wp-json\/wp\/v2\/users\/1"}],"replies":[{"embeddable":true,"href":"https:\/\/frslogistica.cl\/index.php\/wp-json\/wp\/v2\/comments?post=160"}],"version-history":[{"count":33,"href":"https:\/\/frslogistica.cl\/index.php\/wp-json\/wp\/v2\/pages\/160\/revisions"}],"predecessor-version":[{"id":483,"href":"https:\/\/frslogistica.cl\/index.php\/wp-json\/wp\/v2\/pages\/160\/revisions\/483"}],"wp:attachment":[{"href":"https:\/\/frslogistica.cl\/index.php\/wp-json\/wp\/v2\/media?parent=160"}],"curies":[{"name":"wp","href":"https:\/\/api.w.org\/{rel}","templated":true}]}}