{"id":253,"date":"2019-06-10T18:35:09","date_gmt":"2019-06-10T18:35:09","guid":{"rendered":"https:\/\/frslogistica.cl\/?page_id=253"},"modified":"2019-08-28T16:02:15","modified_gmt":"2019-08-28T16:02:15","slug":"palfinger-mercedes","status":"publish","type":"page","link":"https:\/\/frslogistica.cl\/index.php\/palfinger-mercedes\/","title":{"rendered":"Palfinger Mercedes"},"content":{"rendered":"<figure><a href=\"https:\/\/frslogistica.cl\/wp-content\/uploads\/2019\/08\/Volvo-1-900x600.jpg\" data-elementor-open-lightbox=\"default\" data-elementor-lightbox-slideshow=\"184825f7\" data-elementor-lightbox-index=\"0\"><img decoding=\"async\" src=\"https:\/\/frslogistica.cl\/wp-content\/uploads\/elementor\/thumbs\/Volvo-1-900x600-ocwd7aky3qnqu4yp6xgq2d2nye8u12glqsv0d7zuk0.jpg\" alt=\"Volvo 1 900x600\" \/><\/a><\/figure>\n<figure><a href=\"https:\/\/frslogistica.cl\/wp-content\/uploads\/2019\/08\/Volvo-2-900x600.jpg\" data-elementor-open-lightbox=\"default\" data-elementor-lightbox-slideshow=\"184825f7\" data-elementor-lightbox-index=\"1\"><img decoding=\"async\" src=\"https:\/\/frslogistica.cl\/wp-content\/uploads\/elementor\/thumbs\/Volvo-2-900x600-ocwd7cgmheqbhcvyvy9z7cll55zkggo2f25zbrx27k.jpg\" alt=\"Volvo 2 900x600\" \/><\/a><\/figure>\n<figure><a href=\"https:\/\/frslogistica.cl\/wp-content\/uploads\/2019\/08\/Volvo-3-900x600.jpg\" data-elementor-open-lightbox=\"default\" data-elementor-lightbox-slideshow=\"184825f7\" data-elementor-lightbox-index=\"2\"><img decoding=\"async\" src=\"https:\/\/frslogistica.cl\/wp-content\/uploads\/elementor\/thumbs\/Volvo-3-900x600-ocwd7ecav2sw4kt8kz38cc4ibxqavuvj3bgyabu9v4.jpg\" alt=\"Volvo 3 900x600\" \/><\/a><\/figure>\n<figure><a href=\"https:\/\/frslogistica.cl\/wp-content\/uploads\/2019\/08\/Volvo-4-900x600.jpg\" data-elementor-open-lightbox=\"default\" data-elementor-lightbox-slideshow=\"184825f7\" data-elementor-lightbox-index=\"3\"><img decoding=\"async\" src=\"https:\/\/frslogistica.cl\/wp-content\/uploads\/elementor\/thumbs\/Volvo-4-900x600-ocwd7g7z8qvgrsqi9zwhhbnfiph1b92zrkrx8vrhio.jpg\" alt=\"Volvo 4 900x600\" \/><\/a><\/figure>\n<figure><a href=\"https:\/\/frslogistica.cl\/wp-content\/uploads\/2019\/08\/Volvo-5-900x600.jpg\" data-elementor-open-lightbox=\"default\" data-elementor-lightbox-slideshow=\"184825f7\" data-elementor-lightbox-index=\"4\"><img decoding=\"async\" src=\"https:\/\/frslogistica.cl\/wp-content\/uploads\/elementor\/thumbs\/Volvo-5-900x600-ocwd7h5tfkwr3ep54ib41tew43ceiy6q3pfeq5q3cg.jpg\" alt=\"Volvo 5 900x600\" \/><\/a><\/figure>\n<h2>PALFINGER PK100002<\/h2>\n<h3>Gr\u00faa montada sobre cami\u00f3n<\/h3>\n<h6>Equipo gr\u00faa montada sobre cami\u00f3n disponible para arriendo. Servicio incluye operador. Disponibilidad 24\/7. Para entregar detalles del trabajo a realizar y cotizaci\u00f3n del equipo, contacte a nuestro especialista en arriendo (+56 9 3407 1021).<\/h6>\n<h6>Si tiene dudas, lo invitamos a contactarse con nosotros para asesorarlo profesionalmente en equipamiento, maniobras, accesorios y elementos de seguridad para el trabajo.<\/h6>\n<ul>\n<li>\n\t\t\t      \t\t\t\t\t      \t\t Especificaciones<\/li>\n<li>\n\t\t\t      \t\t\t\t\t      \t\t Tabla de carga<\/li>\n<\/ul>\n<dl>\n<dt>Motor<\/dt>\n<dd>Diesel<\/dd>\n<dt>Peso (+\/-)<\/dt>\n<dd>27.000 kg<\/dd>\n<dt>Tracci\u00f3n<\/dt>\n<dd>8 x 4<\/dd>\n<\/dl>\n<dl>\n<dt>Capacidad m\u00e1xima de levante<\/dt>\n<dd>18.800 kg<\/dd>\n<dt>Distancia m\u00e1xima vertical sin Jib<\/dt>\n<dd>21 mts<\/dd>\n<dt>Distancia m\u00e1xima vertical con Jib<\/dt>\n<dd>36 mts<\/dd>\n<\/dl>\n<dl>\n<dt>Ancho de cami\u00f3n<\/dt>\n<dd>2,55 m<\/dd>\n<dt>Largo de cami\u00f3n<\/dt>\n<dd>0.00 m<\/dd>\n<dt>Alto de cami\u00f3n<\/dt>\n<dd>0.00 m<\/dd>\n<\/dl>\n<p><a href=\"https:\/\/frslogistica.cl\/wp-content\/uploads\/2019\/08\/Ficha-Volvo-Pluma.png\"><img loading=\"lazy\" decoding=\"async\" src=\"https:\/\/frslogistica.cl\/wp-content\/uploads\/2019\/08\/Ficha-Volvo-Pluma.png\" alt=\"\" width=\"1300\" height=\"3247\" \/><\/a><\/p>\n","protected":false},"excerpt":{"rendered":"<p>PALFINGER PK100002 Gr\u00faa montada sobre cami\u00f3n Equipo gr\u00faa montada sobre cami\u00f3n disponible para arriendo. Servicio incluye operador. Disponibilidad 24\/7. Para entregar detalles del trabajo a realizar y cotizaci\u00f3n del equipo, contacte a nuestro especialista en arriendo (+56 9 3407 1021). Si tiene dudas, lo invitamos a contactarse con nosotros para asesorarlo profesionalmente en equipamiento, maniobras,&#8230;<\/p>\n","protected":false},"author":1,"featured_media":0,"parent":0,"menu_order":0,"comment_status":"closed","ping_status":"closed","template":"elementor_header_footer","meta":{"_kad_post_transparent":"","_kad_post_title":"","_kad_post_layout":"","_kad_post_sidebar_id":"","_kad_post_content_style":"","_kad_post_vertical_padding":"","_kad_post_feature":"","_kad_post_feature_position":"","_kad_post_header":false,"_kad_post_footer":false,"_kad_post_classname":"","footnotes":""},"class_list":["post-253","page","type-page","status-publish","hentry"],"_links":{"self":[{"href":"https:\/\/frslogistica.cl\/index.php\/wp-json\/wp\/v2\/pages\/253","targetHints":{"allow":["GET"]}}],"collection":[{"href":"https:\/\/frslogistica.cl\/index.php\/wp-json\/wp\/v2\/pages"}],"about":[{"href":"https:\/\/frslogistica.cl\/index.php\/wp-json\/wp\/v2\/types\/page"}],"author":[{"embeddable":true,"href":"https:\/\/frslogistica.cl\/index.php\/wp-json\/wp\/v2\/users\/1"}],"replies":[{"embeddable":true,"href":"https:\/\/frslogistica.cl\/index.php\/wp-json\/wp\/v2\/comments?post=253"}],"version-history":[{"count":6,"href":"https:\/\/frslogistica.cl\/index.php\/wp-json\/wp\/v2\/pages\/253\/revisions"}],"predecessor-version":[{"id":496,"href":"https:\/\/frslogistica.cl\/index.php\/wp-json\/wp\/v2\/pages\/253\/revisions\/496"}],"wp:attachment":[{"href":"https:\/\/frslogistica.cl\/index.php\/wp-json\/wp\/v2\/media?parent=253"}],"curies":[{"name":"wp","href":"https:\/\/api.w.org\/{rel}","templated":true}]}}