{"id":453,"date":"2019-06-28T17:31:22","date_gmt":"2019-06-28T17:31:22","guid":{"rendered":"https:\/\/frslogistica.cl\/?page_id=453"},"modified":"2019-06-28T18:13:16","modified_gmt":"2019-06-28T18:13:16","slug":"certificacion","status":"publish","type":"page","link":"https:\/\/frslogistica.cl\/index.php\/certificacion\/","title":{"rendered":"Certificaci\u00f3n"},"content":{"rendered":"<h2>El Carn\u00e9 PAL<\/h2>\n<h3>\u00bfQu\u00e9 es el carn\u00e9 PAL?<\/h3>\n<h6>El carn\u00e9 PAL (Powered Access Licence) est\u00e1 reconocido en la industria del acceso a\u00e9reo de todo el mundo como certificaci\u00f3n de que el operador ha recibido una formaci\u00f3n de alta calidad.<\/h6>\n<h6>Est\u00e1 emitido por IPAF (la federaci\u00f3n internacional del acceso motorizado) y los reciben los operadores que han terminado con \u00e9xito un curso de formaci\u00f3n en un centro de formaci\u00f3n aprobado IPAF.<\/h6>\n<h6>El programa de formaci\u00f3n IPAF ha sido desarrollado por los mejores profesionales del sector y est\u00e1 certificado T\u00dcV seg\u00fan la ISO 18878 Plataformas Elevadoras M\u00f3viles de Personal \u2013 Formaci\u00f3n para el Operador (conductor).<\/h6>\n<h6>Cada a\u00f1o se forman m\u00e1s de 150.000 operadores a trav\u00e9s de los\u00a0centros de formaci\u00f3n IPAF\u00a0en todo el mundo.<\/h6>\n<p>\t\t\t\t\t\t\t\t\t\t<img loading=\"lazy\" decoding=\"async\" width=\"768\" height=\"467\" src=\"https:\/\/frslogistica.cl\/wp-content\/uploads\/2019\/06\/Foto-carne-pal-768x467.jpg\" alt=\"\" srcset=\"https:\/\/frslogistica.cl\/wp-content\/uploads\/2019\/06\/Foto-carne-pal-768x467.jpg 768w, https:\/\/frslogistica.cl\/wp-content\/uploads\/2019\/06\/Foto-carne-pal-300x182.jpg 300w, https:\/\/frslogistica.cl\/wp-content\/uploads\/2019\/06\/Foto-carne-pal.jpg 821w\" sizes=\"auto, (max-width: 768px) 100vw, 768px\" \/>\t\t\t\t\t\t\t\t\t\t\t<\/p>\n<h3>\u00bfQu\u00e9 es IPAF?<\/h3>\n<h6>La Federaci\u00f3n Internacional de Plataformas A\u00e9reas (International Powered Access Federation, IPAF) fomenta el uso seguro y eficaz de plataformas a\u00e9reas en todo el mundo en el m\u00e1s amplio sentido: con informaci\u00f3n y asesor\u00eda t\u00e9cnica, con la interpretaci\u00f3n de la legislaci\u00f3n y las normativas (sobre las que se trata de ejercer influencia), con sus iniciativas de seguridad y sus programas de formaci\u00f3n.<\/h6>\n<h6>IPAF es una organizaci\u00f3n sin \u00e1nimo de lucro propiedad de sus afiliados, entre los que se encuentran fabricantes, empresas de alquiler, distribuidores, contratistas y usuarios. Los afiliados a IPAF operan la mayor\u00eda de la flota de alquiler de PEMP\/PTA del mundo y fabrican el 85% de las plataformas del mercado.<\/h6>\n","protected":false},"excerpt":{"rendered":"<p>El Carn\u00e9 PAL \u00bfQu\u00e9 es el carn\u00e9 PAL? El carn\u00e9 PAL (Powered Access Licence) est\u00e1 reconocido en la industria del acceso a\u00e9reo de todo el mundo como certificaci\u00f3n de que el operador ha recibido una formaci\u00f3n de alta calidad. Est\u00e1 emitido por IPAF (la federaci\u00f3n internacional del acceso motorizado) y los reciben los operadores que&#8230;<\/p>\n","protected":false},"author":1,"featured_media":0,"parent":0,"menu_order":0,"comment_status":"closed","ping_status":"closed","template":"elementor_header_footer","meta":{"_kad_post_transparent":"","_kad_post_title":"","_kad_post_layout":"","_kad_post_sidebar_id":"","_kad_post_content_style":"","_kad_post_vertical_padding":"","_kad_post_feature":"","_kad_post_feature_position":"","_kad_post_header":false,"_kad_post_footer":false,"_kad_post_classname":"","footnotes":""},"class_list":["post-453","page","type-page","status-publish","hentry"],"_links":{"self":[{"href":"https:\/\/frslogistica.cl\/index.php\/wp-json\/wp\/v2\/pages\/453","targetHints":{"allow":["GET"]}}],"collection":[{"href":"https:\/\/frslogistica.cl\/index.php\/wp-json\/wp\/v2\/pages"}],"about":[{"href":"https:\/\/frslogistica.cl\/index.php\/wp-json\/wp\/v2\/types\/page"}],"author":[{"embeddable":true,"href":"https:\/\/frslogistica.cl\/index.php\/wp-json\/wp\/v2\/users\/1"}],"replies":[{"embeddable":true,"href":"https:\/\/frslogistica.cl\/index.php\/wp-json\/wp\/v2\/comments?post=453"}],"version-history":[{"count":3,"href":"https:\/\/frslogistica.cl\/index.php\/wp-json\/wp\/v2\/pages\/453\/revisions"}],"predecessor-version":[{"id":459,"href":"https:\/\/frslogistica.cl\/index.php\/wp-json\/wp\/v2\/pages\/453\/revisions\/459"}],"wp:attachment":[{"href":"https:\/\/frslogistica.cl\/index.php\/wp-json\/wp\/v2\/media?parent=453"}],"curies":[{"name":"wp","href":"https:\/\/api.w.org\/{rel}","templated":true}]}}